{"id":144,"date":"2024-12-24T09:00:33","date_gmt":"2024-12-24T09:00:33","guid":{"rendered":"https:\/\/templates.cloudsplatter.com\/personal-chef-template-501\/?page_id=144"},"modified":"2025-01-21T21:14:51","modified_gmt":"2025-01-21T21:14:51","slug":"sample-menu","status":"publish","type":"page","link":"https:\/\/templates.cloudsplatter.com\/personal-chef-template-501\/?page_id=144","title":{"rendered":"Sample Menu"},"content":{"rendered":"\t\t<div data-elementor-type=\"wp-page\" data-elementor-id=\"144\" class=\"elementor elementor-144\" data-elementor-post-type=\"page\">\n\t\t\t\t<div class=\"elementor-element elementor-element-6d8f1d87 e-flex e-con-boxed e-con e-parent\" data-id=\"6d8f1d87\" data-element_type=\"container\" data-settings=\"{&quot;background_background&quot;:&quot;classic&quot;}\">\n\t\t\t\t\t<div class=\"e-con-inner\">\n\t\t<div class=\"elementor-element elementor-element-1667cdef e-con-full e-flex e-con e-child\" data-id=\"1667cdef\" data-element_type=\"container\" data-settings=\"{&quot;background_background&quot;:&quot;classic&quot;}\">\n\t\t\t\t<div class=\"elementor-element elementor-element-146e5bf9 animated-fast elementor-invisible elementor-widget elementor-widget-heading\" data-id=\"146e5bf9\" data-element_type=\"widget\" data-settings=\"{&quot;_animation&quot;:&quot;fadeIn&quot;}\" data-widget_type=\"heading.default\">\n\t\t\t\t<div class=\"elementor-widget-container\">\n\t\t\t\t\t<h1 class=\"elementor-heading-title elementor-size-default\">Sample Menu<\/h1>\t\t\t\t<\/div>\n\t\t\t\t<\/div>\n\t\t\t\t<div class=\"elementor-element elementor-element-7c02628c elementor-widget__width-initial elementor-invisible elementor-widget elementor-widget-text-editor\" data-id=\"7c02628c\" data-element_type=\"widget\" data-settings=\"{&quot;_animation_delay&quot;:&quot;200&quot;,&quot;_animation&quot;:&quot;fadeIn&quot;}\" data-widget_type=\"text-editor.default\">\n\t\t\t\t<div class=\"elementor-widget-container\">\n\t\t\t\t\t\t\t\t\t<p><strong>Indulge in the art of fine dining with Chef Kurt and his team, where every dish is carefully crafted to delight your senses. From personalized menus to seamless service, we bring elegance, flavor, and creativity to your table. Whether it&#8217;s an intimate gathering, a grand celebration, or a corporate event, we ensure every detail is perfect.<\/strong><\/p>\t\t\t\t\t\t\t\t<\/div>\n\t\t\t\t<\/div>\n\t\t\t\t<\/div>\n\t\t<div class=\"elementor-element elementor-element-1b9e600 e-con-full e-flex e-con e-child\" data-id=\"1b9e600\" data-element_type=\"container\" data-settings=\"{&quot;background_background&quot;:&quot;classic&quot;,&quot;background_motion_fx_motion_fx_scrolling&quot;:&quot;yes&quot;,&quot;background_motion_fx_translateY_speed&quot;:{&quot;unit&quot;:&quot;px&quot;,&quot;size&quot;:&quot;0.5&quot;,&quot;sizes&quot;:[]},&quot;background_motion_fx_translateY_effect&quot;:&quot;yes&quot;,&quot;background_motion_fx_translateY_affectedRange&quot;:{&quot;unit&quot;:&quot;%&quot;,&quot;size&quot;:&quot;&quot;,&quot;sizes&quot;:{&quot;start&quot;:0,&quot;end&quot;:100}},&quot;background_motion_fx_devices&quot;:[&quot;desktop&quot;,&quot;tablet&quot;,&quot;mobile&quot;]}\">\n\t\t\t\t<\/div>\n\t\t\t\t\t<\/div>\n\t\t\t\t<\/div>\n\t\t<div class=\"elementor-element elementor-element-4241caf5 e-flex e-con-boxed e-con e-parent\" data-id=\"4241caf5\" data-element_type=\"container\">\n\t\t\t\t\t<div class=\"e-con-inner\">\n\t\t<div class=\"elementor-element elementor-element-4a59a0ed e-con-full e-flex e-con e-child\" data-id=\"4a59a0ed\" data-element_type=\"container\" data-settings=\"{&quot;background_background&quot;:&quot;classic&quot;}\">\n\t\t\t\t<\/div>\n\t\t<div class=\"elementor-element elementor-element-22f41ba1 e-con-full e-flex e-con e-child\" data-id=\"22f41ba1\" data-element_type=\"container\" data-settings=\"{&quot;background_background&quot;:&quot;classic&quot;}\">\n\t\t<div class=\"elementor-element elementor-element-67fa1d7a e-flex e-con-boxed e-con e-child\" data-id=\"67fa1d7a\" data-element_type=\"container\">\n\t\t\t\t\t<div class=\"e-con-inner\">\n\t\t<div class=\"elementor-element elementor-element-66d39dd4 e-con-full e-flex e-con e-child\" data-id=\"66d39dd4\" data-element_type=\"container\">\n\t\t\t\t<\/div>\n\t\t<div class=\"elementor-element elementor-element-8054998 e-con-full e-flex e-con e-child\" data-id=\"8054998\" data-element_type=\"container\">\n\t\t\t\t<\/div>\n\t\t<div class=\"elementor-element elementor-element-76d44d52 e-con-full e-flex e-con e-child\" data-id=\"76d44d52\" data-element_type=\"container\">\n\t\t\t\t<\/div>\n\t\t<div class=\"elementor-element elementor-element-28e69700 e-con-full e-flex e-con e-child\" data-id=\"28e69700\" data-element_type=\"container\">\n\t\t\t\t<div class=\"elementor-element elementor-element-3947744d elementor-widget elementor-widget-heading\" data-id=\"3947744d\" data-element_type=\"widget\" data-widget_type=\"heading.default\">\n\t\t\t\t<div class=\"elementor-widget-container\">\n\t\t\t\t\t<h3 class=\"elementor-heading-title elementor-size-default\">Appetizers<\/h3>\t\t\t\t<\/div>\n\t\t\t\t<\/div>\n\t\t\t\t<\/div>\n\t\t<div class=\"elementor-element elementor-element-310315c9 e-con-full e-flex e-con e-child\" data-id=\"310315c9\" data-element_type=\"container\">\n\t\t\t\t<\/div>\n\t\t\t\t\t<\/div>\n\t\t\t\t<\/div>\n\t\t\t\t<div class=\"elementor-element elementor-element-60dc6cde elementor-widget elementor-widget-text-editor\" data-id=\"60dc6cde\" data-element_type=\"widget\" data-widget_type=\"text-editor.default\">\n\t\t\t\t<div class=\"elementor-widget-container\">\n\t\t\t\t\t\t\t\t\t<p>Kick off your meal with flavorful, bite-sized creations that set the tone for a memorable dining experience.<\/p><ol><li><strong>Crispy Ahi Tuna Bites<\/strong> \u2013 Served with a zesty soy glaze<\/li><li><strong>Stuffed Mushrooms<\/strong> \u2013 Filled with garlic, cheese, and herbs<\/li><li><strong>Mini Caprese Skewers<\/strong> \u2013 Fresh mozzarella, cherry tomatoes, and basil<\/li><li><strong>Truffle Parmesan Fries<\/strong> \u2013 Crispy fries with a touch of truffle oil<\/li><li><strong>Smoked Salmon Crostini<\/strong> \u2013 Topped with cr\u00e8me fra\u00eeche and dill<\/li><\/ol>\t\t\t\t\t\t\t\t<\/div>\n\t\t\t\t<\/div>\n\t\t\t\t<\/div>\n\t\t\t\t\t<\/div>\n\t\t\t\t<\/div>\n\t\t<div class=\"elementor-element elementor-element-30b543e6 e-flex e-con-boxed e-con e-parent\" data-id=\"30b543e6\" data-element_type=\"container\">\n\t\t\t\t\t<div class=\"e-con-inner\">\n\t\t<div class=\"elementor-element elementor-element-40d15182 e-con-full e-flex e-con e-child\" data-id=\"40d15182\" data-element_type=\"container\" data-settings=\"{&quot;background_background&quot;:&quot;classic&quot;}\">\n\t\t\t\t<div class=\"elementor-element elementor-element-6138c6f8 elementor-widget elementor-widget-heading\" data-id=\"6138c6f8\" data-element_type=\"widget\" data-widget_type=\"heading.default\">\n\t\t\t\t<div class=\"elementor-widget-container\">\n\t\t\t\t\t<h3 class=\"elementor-heading-title elementor-size-default\">Main Courses<\/h3>\t\t\t\t<\/div>\n\t\t\t\t<\/div>\n\t\t\t\t<div class=\"elementor-element elementor-element-10ff8996 elementor-widget elementor-widget-text-editor\" data-id=\"10ff8996\" data-element_type=\"widget\" data-widget_type=\"text-editor.default\">\n\t\t\t\t<div class=\"elementor-widget-container\">\n\t\t\t\t\t\t\t\t\t<p>Indulge in expertly crafted main dishes that combine rich ingredients and unique flavors for a satisfying experience:<span style=\"background-color: transparent; color: var( --e-global-color-text ); font-family: var( --e-global-typography-text-font-family ), Sans-serif; font-style: var( --e-global-typography-text-font-style ); font-weight: var( --e-global-typography-text-font-weight ); letter-spacing: var( --e-global-typography-text-letter-spacing ); text-transform: var( --e-global-typography-text-text-transform ); text-align: var(--text-align);\">\u00a0<\/span><\/p><ol><li><strong>Seared Filet Mignon<\/strong> \u2013 Served with garlic mashed potatoes and roasted vegetables<\/li><li><strong>Lemon Herb Grilled Chicken<\/strong> \u2013 Accompanied by quinoa pilaf and saut\u00e9ed spinach<\/li><li><strong>Pan-Seared Salmon<\/strong> \u2013 With a creamy dill sauce and a side of roasted asparagus<\/li><li><strong>Vegetarian Lasagna<\/strong> \u2013 Layers of ricotta, spinach, and marinara sauce<\/li><li><strong>Braised Short Ribs<\/strong> \u2013 Served with mashed sweet potatoes and a rich red wine reduction<\/li><\/ol><p>\u00a0<\/p>\t\t\t\t\t\t\t\t<\/div>\n\t\t\t\t<\/div>\n\t\t<div class=\"elementor-element elementor-element-79a75fc7 e-flex e-con-boxed e-con e-child\" data-id=\"79a75fc7\" data-element_type=\"container\">\n\t\t\t\t\t<div class=\"e-con-inner\">\n\t\t<div class=\"elementor-element elementor-element-607c8db4 e-con-full e-flex e-con e-child\" data-id=\"607c8db4\" data-element_type=\"container\">\n\t\t\t\t<\/div>\n\t\t<div class=\"elementor-element elementor-element-5c6e5106 e-con-full e-flex e-con e-child\" data-id=\"5c6e5106\" data-element_type=\"container\">\n\t\t\t\t<\/div>\n\t\t<div class=\"elementor-element elementor-element-1eb92d08 e-con-full e-flex e-con e-child\" data-id=\"1eb92d08\" data-element_type=\"container\">\n\t\t\t\t<\/div>\n\t\t<div class=\"elementor-element elementor-element-fc225ad e-con-full e-flex e-con e-child\" data-id=\"fc225ad\" data-element_type=\"container\">\n\t\t\t\t<\/div>\n\t\t<div class=\"elementor-element elementor-element-3fa6d4c6 e-con-full e-flex e-con e-child\" data-id=\"3fa6d4c6\" data-element_type=\"container\">\n\t\t\t\t<\/div>\n\t\t\t\t\t<\/div>\n\t\t\t\t<\/div>\n\t\t\t\t<\/div>\n\t\t<div class=\"elementor-element elementor-element-6fd0b8eb e-con-full e-flex e-con e-child\" data-id=\"6fd0b8eb\" data-element_type=\"container\" data-settings=\"{&quot;background_background&quot;:&quot;classic&quot;}\">\n\t\t\t\t<\/div>\n\t\t\t\t\t<\/div>\n\t\t\t\t<\/div>\n\t\t<div class=\"elementor-element elementor-element-3716f9c7 e-flex e-con-boxed e-con e-parent\" data-id=\"3716f9c7\" data-element_type=\"container\">\n\t\t\t\t\t<div class=\"e-con-inner\">\n\t\t<div class=\"elementor-element elementor-element-a1e1c35 e-con-full e-flex e-con e-child\" data-id=\"a1e1c35\" data-element_type=\"container\" data-settings=\"{&quot;background_background&quot;:&quot;classic&quot;}\">\n\t\t\t\t<\/div>\n\t\t<div class=\"elementor-element elementor-element-7aa4ae12 e-con-full e-flex e-con e-child\" data-id=\"7aa4ae12\" data-element_type=\"container\" data-settings=\"{&quot;background_background&quot;:&quot;classic&quot;}\">\n\t\t\t\t<div class=\"elementor-element elementor-element-4230b06b elementor-widget elementor-widget-heading\" data-id=\"4230b06b\" data-element_type=\"widget\" data-widget_type=\"heading.default\">\n\t\t\t\t<div class=\"elementor-widget-container\">\n\t\t\t\t\t<h3 class=\"elementor-heading-title elementor-size-default\"><h3><strong>Desserts \u2013 Sweet Endings<\/strong><span style=\"color: var( --e-global-color-secondary ); font-family: var( --e-global-typography-primary-font-family ), Sans-serif; font-size: var( --e-global-typography-primary-font-size ); font-style: var( --e-global-typography-primary-font-style ); font-weight: var( --e-global-typography-primary-font-weight ); text-transform: var( --e-global-typography-primary-text-transform ); text-align: var(--text-align); background-color: var( --e-global-color-64acc8d );\"><\/span><\/h3><\/h3>\t\t\t\t<\/div>\n\t\t\t\t<\/div>\n\t\t\t\t<div class=\"elementor-element elementor-element-6557aa1c elementor-widget elementor-widget-text-editor\" data-id=\"6557aa1c\" data-element_type=\"widget\" data-widget_type=\"text-editor.default\">\n\t\t\t\t<div class=\"elementor-widget-container\">\n\t\t\t\t\t\t\t\t\t<p>Delight in the perfect finish to your meal with these decadent and irresistible desserts.<\/p><ol><li><strong>Chocolate Lava Cake<\/strong> \u2013 Warm, gooey center with vanilla ice cream<\/li><li><strong>Tiramisu<\/strong> \u2013 Layers of espresso-soaked ladyfingers and mascarpone cream<\/li><li><strong>Cr\u00e8me Br\u00fbl\u00e9e<\/strong> \u2013 Silky custard with a caramelized sugar crust<\/li><li><strong>Lemon Panna Cotta<\/strong> \u2013 Light, creamy dessert with a tangy citrus glaze<\/li><li><strong>Mini Cheesecakes<\/strong> \u2013 Individual servings topped with fresh berries<\/li><\/ol>\t\t\t\t\t\t\t\t<\/div>\n\t\t\t\t<\/div>\n\t\t<div class=\"elementor-element elementor-element-4a656a85 e-flex e-con-boxed e-con e-child\" data-id=\"4a656a85\" data-element_type=\"container\">\n\t\t\t\t\t<div class=\"e-con-inner\">\n\t\t<div class=\"elementor-element elementor-element-152f0ca9 e-con-full e-flex e-con e-child\" data-id=\"152f0ca9\" data-element_type=\"container\">\n\t\t\t\t<\/div>\n\t\t<div class=\"elementor-element elementor-element-61f11af7 e-con-full e-flex e-con e-child\" data-id=\"61f11af7\" data-element_type=\"container\">\n\t\t\t\t<\/div>\n\t\t<div class=\"elementor-element elementor-element-58f35922 e-con-full e-flex e-con e-child\" data-id=\"58f35922\" data-element_type=\"container\">\n\t\t\t\t<\/div>\n\t\t<div class=\"elementor-element elementor-element-47c5c866 e-con-full e-flex e-con e-child\" data-id=\"47c5c866\" data-element_type=\"container\">\n\t\t\t\t<\/div>\n\t\t<div class=\"elementor-element elementor-element-2ce05f2c e-con-full e-flex e-con e-child\" data-id=\"2ce05f2c\" data-element_type=\"container\">\n\t\t\t\t<\/div>\n\t\t\t\t\t<\/div>\n\t\t\t\t<\/div>\n\t\t\t\t<\/div>\n\t\t\t\t\t<\/div>\n\t\t\t\t<\/div>\n\t\t<div class=\"elementor-element elementor-element-64de985c e-flex e-con-boxed e-con e-parent\" data-id=\"64de985c\" data-element_type=\"container\">\n\t\t\t\t\t<div class=\"e-con-inner\">\n\t\t\t\t<div class=\"elementor-element elementor-element-21dbee07 elementor-testimonial--layout-image_left elementor-testimonial--align-left elementor-testimonial--skin-default elementor-widget elementor-widget-testimonial-carousel\" data-id=\"21dbee07\" data-element_type=\"widget\" data-settings=\"{&quot;speed&quot;:&quot;1000&quot;,&quot;autoplay_speed&quot;:&quot;6000&quot;,&quot;autoplay&quot;:&quot;yes&quot;,&quot;loop&quot;:&quot;yes&quot;,&quot;pause_on_hover&quot;:&quot;yes&quot;,&quot;space_between&quot;:{&quot;unit&quot;:&quot;px&quot;,&quot;size&quot;:10,&quot;sizes&quot;:[]},&quot;space_between_tablet&quot;:{&quot;unit&quot;:&quot;px&quot;,&quot;size&quot;:10,&quot;sizes&quot;:[]},&quot;space_between_mobile&quot;:{&quot;unit&quot;:&quot;px&quot;,&quot;size&quot;:10,&quot;sizes&quot;:[]}}\" data-widget_type=\"testimonial-carousel.default\">\n\t\t\t\t<div class=\"elementor-widget-container\">\n\t\t\t\t\t\t\t\t\t<div class=\"elementor-swiper\">\n\t\t\t\t\t<div class=\"elementor-main-swiper swiper\" role=\"region\" aria-roledescription=\"carousel\" aria-label=\"Slides\">\n\t\t\t\t<div class=\"swiper-wrapper\">\n\t\t\t\t\t\t\t\t\t\t\t<div class=\"swiper-slide\" role=\"group\" aria-roledescription=\"slide\">\n\t\t\t\t\t\t\t\t\t<div class=\"elementor-testimonial\">\n\t\t\t\t\t\t\t<div class=\"elementor-testimonial__content\">\n\t\t\t\t\t<div class=\"elementor-testimonial__text\">\n\t\t\t\t\t\t\u201cChef Keith prepared an exceptional birthday dinner for my wife. The food was amazing and our guests were all very impressed by his talent. We had the best time and will definitely book him again for our next dinner party.\u201d\t\t\t\t\t<\/div>\n\t\t\t\t\t<cite class=\"elementor-testimonial__cite\"><span class=\"elementor-testimonial__name\">Steve Anderson<\/span><\/cite>\t\t\t\t<\/div>\n\t\t\t\t\t\t<div class=\"elementor-testimonial__footer\">\n\t\t\t\t\t\t\t\t\t<div class=\"elementor-testimonial__image\">\n\t\t\t\t\t\t<img decoding=\"async\" src=\"https:\/\/templates.cloudsplatter.com\/personal-chef-template-501\/wp-content\/uploads\/2024\/12\/Testimonial-pic1.jpg\" alt=\"Steve Anderson\">\n\t\t\t\t\t\t\t\t\t\t\t<\/div>\n\t\t\t\t\t\t\t\t\t\t\t<\/div>\n\t\t<\/div>\n\t\t\t\t\t\t\t\t<\/div>\n\t\t\t\t\t\t\t\t\t\t\t<div class=\"swiper-slide\" role=\"group\" aria-roledescription=\"slide\">\n\t\t\t\t\t\t\t\t\t<div class=\"elementor-testimonial\">\n\t\t\t\t\t\t\t<div class=\"elementor-testimonial__content\">\n\t\t\t\t\t<div class=\"elementor-testimonial__text\">\n\t\t\t\t\t\t\u201cChef Keith is amazing. We hired him to cook for a 14-person work event, and it was a great success. The variety of dishes and courses he prepared were excellent, and the service was impeccable! I will hire Chef Keith for all my future catering events. He is incredibly talented and a wonderful person to work with.\u201d\t\t\t\t\t<\/div>\n\t\t\t\t\t<cite class=\"elementor-testimonial__cite\"><span class=\"elementor-testimonial__name\">Liz Rosen<\/span><\/cite>\t\t\t\t<\/div>\n\t\t\t\t\t\t<div class=\"elementor-testimonial__footer\">\n\t\t\t\t\t\t\t\t\t<div class=\"elementor-testimonial__image\">\n\t\t\t\t\t\t<img decoding=\"async\" src=\"https:\/\/templates.cloudsplatter.com\/personal-chef-template-501\/wp-content\/uploads\/2024\/12\/Testimonial-pic2.jpg\" alt=\"Liz Rosen\">\n\t\t\t\t\t\t\t\t\t\t\t<\/div>\n\t\t\t\t\t\t\t\t\t\t\t<\/div>\n\t\t<\/div>\n\t\t\t\t\t\t\t\t<\/div>\n\t\t\t\t\t\t\t\t\t<\/div>\n\t\t\t\t\t\t\t\t\t\t\t\t\t\t\t\t\t\t\t\t\t<\/div>\n\t\t\t\t<\/div>\n\t\t\t\t\t\t\t\t<\/div>\n\t\t\t\t<\/div>\n\t\t\t\t\t<\/div>\n\t\t\t\t<\/div>\n\t\t\t\t<\/div>\n\t\t","protected":false},"excerpt":{"rendered":"<p>Sample Menu Indulge in the art of fine dining with Chef Kurt and his team, where every dish is carefully crafted to delight your senses. From personalized menus to seamless service, we bring elegance, flavor, and creativity to your table. Whether it&#8217;s an intimate gathering, a grand celebration, or a corporate event, we ensure every [&hellip;]<\/p>\n","protected":false},"author":1,"featured_media":0,"parent":0,"menu_order":0,"comment_status":"closed","ping_status":"closed","template":"elementor_header_footer","meta":{"footnotes":""},"class_list":["post-144","page","type-page","status-publish","hentry"],"_links":{"self":[{"href":"https:\/\/templates.cloudsplatter.com\/personal-chef-template-501\/index.php?rest_route=\/wp\/v2\/pages\/144","targetHints":{"allow":["GET"]}}],"collection":[{"href":"https:\/\/templates.cloudsplatter.com\/personal-chef-template-501\/index.php?rest_route=\/wp\/v2\/pages"}],"about":[{"href":"https:\/\/templates.cloudsplatter.com\/personal-chef-template-501\/index.php?rest_route=\/wp\/v2\/types\/page"}],"author":[{"embeddable":true,"href":"https:\/\/templates.cloudsplatter.com\/personal-chef-template-501\/index.php?rest_route=\/wp\/v2\/users\/1"}],"replies":[{"embeddable":true,"href":"https:\/\/templates.cloudsplatter.com\/personal-chef-template-501\/index.php?rest_route=%2Fwp%2Fv2%2Fcomments&post=144"}],"version-history":[{"count":10,"href":"https:\/\/templates.cloudsplatter.com\/personal-chef-template-501\/index.php?rest_route=\/wp\/v2\/pages\/144\/revisions"}],"predecessor-version":[{"id":214,"href":"https:\/\/templates.cloudsplatter.com\/personal-chef-template-501\/index.php?rest_route=\/wp\/v2\/pages\/144\/revisions\/214"}],"wp:attachment":[{"href":"https:\/\/templates.cloudsplatter.com\/personal-chef-template-501\/index.php?rest_route=%2Fwp%2Fv2%2Fmedia&parent=144"}],"curies":[{"name":"wp","href":"https:\/\/api.w.org\/{rel}","templated":true}]}}